{"id":1240,"date":"2015-10-12T16:18:30","date_gmt":"2015-10-12T16:18:30","guid":{"rendered":"http:\/\/www.padevage.nl\/?page_id=1240"},"modified":"2018-09-15T19:14:42","modified_gmt":"2018-09-15T19:14:42","slug":"lienzerhut-4","status":"publish","type":"page","link":"https:\/\/padevage.nl\/?page_id=1240","title":{"rendered":"Li\u00ebnzerhut"},"content":{"rendered":"<table style=\"height: 1288px;\" width=\"1100\">\n<tbody>\n<tr>\n<td style=\"border-color: #d4d2d2;\" colspan=\"2\">\n<p style=\"text-align: left;\"><span style=\"color: #333399; font-family: comic sans ms,sans-serif; font-size: 48pt;\"><span style=\"color: #666699;\"><a href=\"https:\/\/www.padevage.nl\/wp-content\/uploads\/2015\/10\/image0012.gif\"><img loading=\"lazy\" decoding=\"async\" class=\"alignnone size-full wp-image-1685\" src=\"https:\/\/www.padevage.nl\/wp-content\/uploads\/2015\/10\/image0012.gif\" alt=\"image001\" width=\"596\" height=\"71\" \/><\/a><\/span><\/span><\/p>\n<\/td>\n<\/tr>\n<tr>\n<td style=\"border-color: #d4d2d2;\"><a href=\"https:\/\/www.padevage.nl\/wp-content\/uploads\/2015\/10\/Lienze9.jpg\"><img loading=\"lazy\" decoding=\"async\" class=\" wp-image-1244 alignleft\" src=\"https:\/\/www.padevage.nl\/wp-content\/uploads\/2015\/10\/Lienze9-300x185.jpg\" alt=\"Lienze9\" width=\"482\" height=\"297\" srcset=\"https:\/\/padevage.nl\/wp-content\/uploads\/2015\/10\/Lienze9-300x185.jpg 300w, https:\/\/padevage.nl\/wp-content\/uploads\/2015\/10\/Lienze9-340x210.jpg 340w, https:\/\/padevage.nl\/wp-content\/uploads\/2015\/10\/Lienze9.jpg 424w\" sizes=\"auto, (max-width: 482px) 100vw, 482px\" \/><\/a><\/p>\n<table style=\"height: 39px;\" width=\"482\">\n<tbody>\n<tr>\n<td style=\"border-color: #d4d2d2;\">\u00a0<span style=\"font-family: Arial; font-size: large;\">De Lienzerhut aan de voet van het Schobergebergte<\/span><\/td>\n<\/tr>\n<\/tbody>\n<\/table>\n<p><span style=\"font-family: Arial; font-size: large;\">\u00a0<span style=\"color: #d4d2d2;\">oooooooooooooooooooooooooooooooooooooooooooooo<\/span><\/span><\/p>\n<table style=\"height: 14px;\" width=\"475\">\n<tbody>\n<tr>\n<td style=\"border-color: #d4d2d2; text-align: left;\"><span style=\"font-family: Arial; font-size: large;\"> <a href=\"https:\/\/www.padevage.nl\/wp-content\/uploads\/2015\/10\/foto-3-2-Lienzerhut.jpg\"><img loading=\"lazy\" decoding=\"async\" class=\"alignnone wp-image-1248\" src=\"https:\/\/www.padevage.nl\/wp-content\/uploads\/2015\/10\/foto-3-2-Lienzerhut.jpg\" alt=\"foto 3 - 2 Lienzerhut\" width=\"479\" height=\"702\" srcset=\"https:\/\/padevage.nl\/wp-content\/uploads\/2015\/10\/foto-3-2-Lienzerhut.jpg 426w, https:\/\/padevage.nl\/wp-content\/uploads\/2015\/10\/foto-3-2-Lienzerhut-205x300.jpg 205w\" sizes=\"auto, (max-width: 479px) 100vw, 479px\" \/><\/a><\/span><\/td>\n<\/tr>\n<\/tbody>\n<\/table>\n<\/td>\n<td style=\"border-color: #d4d2d2;\">\n<p style=\"text-align: left; padding-left: 60px;\"><span style=\"color: #333333; font-family: arial,helvetica,sans-serif;\"><span style=\"font-size: large;\"><span style=\"font-size: large;\">De Li\u00ebzerhut, gelegen aan de voet van het Schobergebergte op een hoogte van 1977 m. De weg naar de Li\u00ebnzerhut is lang maar ontzettend mooi. Wij liepen vanaf de\u00a0 Wangenitzsee 2508 m. waar we overnacht hadden naar de Li\u00ebnzerhut. De volgende dag ging onze wandeling over de Li\u00ebnzerHoheweg via Zettersfeld terug naar Li\u00ebnz. Deze laatste wandeling <\/span><\/span><span style=\"font-size: large;\">hebben we negen uur over gedaan.<\/span><\/span><span style=\"font-family: Arial; font-size: large;\">\u00a0<\/span><\/p>\n<table style=\"height: 452px;\" width=\"586\">\n<tbody>\n<tr>\n<td style=\"border-color: #d4d2d2;\">\u00a0<a href=\"https:\/\/www.padevage.nl\/wp-content\/uploads\/2015\/10\/Lienze10.jpg\"><img loading=\"lazy\" decoding=\"async\" class=\"alignnone wp-image-1246\" src=\"https:\/\/www.padevage.nl\/wp-content\/uploads\/2015\/10\/Lienze10.jpg\" alt=\"Lienze10\" width=\"543\" height=\"381\" srcset=\"https:\/\/padevage.nl\/wp-content\/uploads\/2015\/10\/Lienze10.jpg 365w, https:\/\/padevage.nl\/wp-content\/uploads\/2015\/10\/Lienze10-300x210.jpg 300w\" sizes=\"auto, (max-width: 543px) 100vw, 543px\" \/><\/a><\/p>\n<p>&nbsp;<\/p>\n<p>&nbsp;<\/td>\n<\/tr>\n<\/tbody>\n<\/table>\n<table style=\"height: 323px;\" width=\"580\">\n<tbody>\n<tr>\n<td style=\"border-color: #d4d2d2;\">\u00a0<a href=\"https:\/\/www.padevage.nl\/wp-content\/uploads\/2015\/10\/Lienzhe3.jpg\"><img loading=\"lazy\" decoding=\"async\" class=\"alignnone wp-image-1249\" src=\"https:\/\/www.padevage.nl\/wp-content\/uploads\/2015\/10\/Lienzhe3.jpg\" alt=\"Lienzhe3\" width=\"317\" height=\"208\" srcset=\"https:\/\/padevage.nl\/wp-content\/uploads\/2015\/10\/Lienzhe3.jpg 337w, https:\/\/padevage.nl\/wp-content\/uploads\/2015\/10\/Lienzhe3-300x197.jpg 300w\" sizes=\"auto, (max-width: 317px) 100vw, 317px\" \/><\/a><\/td>\n<td style=\"border-color: #d4d2d2;\"><a href=\"https:\/\/www.padevage.nl\/wp-content\/uploads\/2015\/10\/Lienzhe4.jpg\"><img loading=\"lazy\" decoding=\"async\" class=\"alignnone wp-image-1250\" src=\"https:\/\/www.padevage.nl\/wp-content\/uploads\/2015\/10\/Lienzhe4.jpg\" alt=\"Lienzhe4\" width=\"222\" height=\"218\" \/><\/a><\/td>\n<\/tr>\n<\/tbody>\n<\/table>\n<\/td>\n<\/tr>\n<\/tbody>\n<\/table>\n<p><span style=\"background-color: #00ff00;\">\u00a0 <span style=\"color: #000000;\"><a style=\"color: #000000; background-color: #00ff00;\" href=\"https:\/\/www.padevage.nl\/?page_id=1070\"><span style=\"font-family: arial,helvetica,sans-serif; font-size: 12pt;\">Terug naar Bergtochten<\/span><\/a><\/span><a style=\"background-color: #00ff00;\" href=\"https:\/\/www.padevage.nl\/?page_id=1043\"><span style=\"font-family: arial,helvetica,sans-serif; font-size: 12pt;\">\u00a0<\/span><\/a><\/span><\/p>\n","protected":false},"excerpt":{"rendered":"<p>\u00a0De Lienzerhut aan de voet van het Schobergebergte \u00a0oooooooooooooooooooooooooooooooooooooooooooooo De Li\u00ebzerhut, gelegen aan de voet van het Schobergebergte op een hoogte van 1977 m. De weg naar de Li\u00ebnzerhut is lang maar ontzettend mooi. Wij liepen vanaf de\u00a0 Wangenitzsee 2508 m. waar we overnacht hadden naar de Li\u00ebnzerhut. De volgende dag ging onze wandeling over&hellip;<\/p>\n","protected":false},"author":1,"featured_media":0,"parent":0,"menu_order":0,"comment_status":"closed","ping_status":"closed","template":"fullwidth.php","meta":{"footnotes":""},"class_list":["post-1240","page","type-page","status-publish","hentry"],"_links":{"self":[{"href":"https:\/\/padevage.nl\/index.php?rest_route=\/wp\/v2\/pages\/1240","targetHints":{"allow":["GET"]}}],"collection":[{"href":"https:\/\/padevage.nl\/index.php?rest_route=\/wp\/v2\/pages"}],"about":[{"href":"https:\/\/padevage.nl\/index.php?rest_route=\/wp\/v2\/types\/page"}],"author":[{"embeddable":true,"href":"https:\/\/padevage.nl\/index.php?rest_route=\/wp\/v2\/users\/1"}],"replies":[{"embeddable":true,"href":"https:\/\/padevage.nl\/index.php?rest_route=%2Fwp%2Fv2%2Fcomments&post=1240"}],"version-history":[{"count":15,"href":"https:\/\/padevage.nl\/index.php?rest_route=\/wp\/v2\/pages\/1240\/revisions"}],"predecessor-version":[{"id":8263,"href":"https:\/\/padevage.nl\/index.php?rest_route=\/wp\/v2\/pages\/1240\/revisions\/8263"}],"wp:attachment":[{"href":"https:\/\/padevage.nl\/index.php?rest_route=%2Fwp%2Fv2%2Fmedia&parent=1240"}],"curies":[{"name":"wp","href":"https:\/\/api.w.org\/{rel}","templated":true}]}}